{"id":31762,"date":"2020-09-18T08:17:20","date_gmt":"2020-09-18T08:17:20","guid":{"rendered":"https:\/\/fabricegrinda.com\/cac-bai-viet\/"},"modified":"2024-05-20T05:21:21","modified_gmt":"2024-05-20T05:21:21","slug":"cac-bai-viet","status":"publish","type":"page","link":"https:\/\/grinda.org\/vi\/cac-bai-viet\/","title":{"rendered":"C\u00e1c b\u00e0i vi\u1ebft"},"content":{"rendered":"\n<p>T\u00f4i \u0111\u00e3 vi\u1ebft r\u1ea5t nhi\u1ec1u trong nhi\u1ec1u n\u0103m v\u1ec1 nhi\u1ec1u ch\u1ee7 \u0111\u1ec1 kh\u00e1c nhau. \u0110\u00e2y l\u00e0 m\u1ed9t l\u1ef1a ch\u1ecdn c\u00e1c b\u00e0i vi\u1ebft m\u00e0 t\u00f4i khuy\u00ean b\u1ea1n n\u00ean \u0111\u1ecdc.<\/p>\n","protected":false},"excerpt":{"rendered":"<p>T\u00f4i \u0111\u00e3 vi\u1ebft r\u1ea5t nhi\u1ec1u trong nhi\u1ec1u n\u0103m v\u1ec1 nhi\u1ec1u ch\u1ee7 \u0111\u1ec1 kh\u00e1c nhau. \u0110\u00e2y l\u00e0 m\u1ed9t l\u1ef1a ch\u1ecdn c\u00e1c b\u00e0i vi\u1ebft m\u00e0 t\u00f4i khuy\u00ean b\u1ea1n n\u00ean \u0111\u1ecdc.<\/p>\n","protected":false},"author":7,"featured_media":31766,"parent":0,"menu_order":0,"comment_status":"closed","ping_status":"closed","template":"page-featured-post.php","meta":{"_acf_changed":false,"inline_featured_image":false,"footnotes":""},"class_list":["post-31762","page","type-page","status-publish","has-post-thumbnail","hentry"],"acf":[],"_links":{"self":[{"href":"https:\/\/grinda.org\/vi\/wp-json\/wp\/v2\/pages\/31762","targetHints":{"allow":["GET"]}}],"collection":[{"href":"https:\/\/grinda.org\/vi\/wp-json\/wp\/v2\/pages"}],"about":[{"href":"https:\/\/grinda.org\/vi\/wp-json\/wp\/v2\/types\/page"}],"author":[{"embeddable":true,"href":"https:\/\/grinda.org\/vi\/wp-json\/wp\/v2\/users\/7"}],"replies":[{"embeddable":true,"href":"https:\/\/grinda.org\/vi\/wp-json\/wp\/v2\/comments?post=31762"}],"version-history":[{"count":3,"href":"https:\/\/grinda.org\/vi\/wp-json\/wp\/v2\/pages\/31762\/revisions"}],"predecessor-version":[{"id":31769,"href":"https:\/\/grinda.org\/vi\/wp-json\/wp\/v2\/pages\/31762\/revisions\/31769"}],"wp:featuredmedia":[{"embeddable":true,"href":"https:\/\/grinda.org\/vi\/wp-json\/wp\/v2\/media\/31766"}],"wp:attachment":[{"href":"https:\/\/grinda.org\/vi\/wp-json\/wp\/v2\/media?parent=31762"}],"curies":[{"name":"wp","href":"https:\/\/api.w.org\/{rel}","templated":true}]}}