{"id":31307,"date":"2020-09-18T08:17:20","date_gmt":"2020-09-18T08:17:20","guid":{"rendered":"https:\/\/fabricegrinda.com\/posturi-recomandate\/"},"modified":"2024-05-17T11:22:29","modified_gmt":"2024-05-17T11:22:29","slug":"posturi-recomandate","status":"publish","type":"page","link":"https:\/\/grinda.org\/ro\/posturi-recomandate\/","title":{"rendered":"Posturi recomandate"},"content":{"rendered":"\n<p>Am scris mult de-a lungul anilor pe o gam\u0103 larg\u0103 de subiecte. Iat\u0103 o selec\u021bie a post\u0103rilor pe care v\u0103 recomand s\u0103 le citi\u021bi.<\/p>\n","protected":false},"excerpt":{"rendered":"<p>Am scris mult de-a lungul anilor pe o gam\u0103 larg\u0103 de subiecte. Iat\u0103 o selec\u021bie a post\u0103rilor pe care v\u0103 recomand s\u0103 le citi\u021bi.<\/p>\n","protected":false},"author":7,"featured_media":31311,"parent":0,"menu_order":0,"comment_status":"closed","ping_status":"closed","template":"page-featured-post.php","meta":{"_acf_changed":false,"inline_featured_image":false,"footnotes":""},"class_list":["post-31307","page","type-page","status-publish","has-post-thumbnail","hentry"],"acf":[],"_links":{"self":[{"href":"https:\/\/grinda.org\/ro\/wp-json\/wp\/v2\/pages\/31307","targetHints":{"allow":["GET"]}}],"collection":[{"href":"https:\/\/grinda.org\/ro\/wp-json\/wp\/v2\/pages"}],"about":[{"href":"https:\/\/grinda.org\/ro\/wp-json\/wp\/v2\/types\/page"}],"author":[{"embeddable":true,"href":"https:\/\/grinda.org\/ro\/wp-json\/wp\/v2\/users\/7"}],"replies":[{"embeddable":true,"href":"https:\/\/grinda.org\/ro\/wp-json\/wp\/v2\/comments?post=31307"}],"version-history":[{"count":3,"href":"https:\/\/grinda.org\/ro\/wp-json\/wp\/v2\/pages\/31307\/revisions"}],"predecessor-version":[{"id":31314,"href":"https:\/\/grinda.org\/ro\/wp-json\/wp\/v2\/pages\/31307\/revisions\/31314"}],"wp:featuredmedia":[{"embeddable":true,"href":"https:\/\/grinda.org\/ro\/wp-json\/wp\/v2\/media\/31311"}],"wp:attachment":[{"href":"https:\/\/grinda.org\/ro\/wp-json\/wp\/v2\/media?parent=31307"}],"curies":[{"name":"wp","href":"https:\/\/api.w.org\/{rel}","templated":true}]}}