{"id":41708,"date":"2020-09-18T08:17:20","date_gmt":"2020-09-18T08:17:20","guid":{"rendered":"https:\/\/prod.fabricegrinda.com\/publicacoes-em-destaque\/"},"modified":"2024-05-23T10:18:13","modified_gmt":"2024-05-23T10:18:13","slug":"publicacoes-em-destaque","status":"publish","type":"page","link":"https:\/\/grinda.org\/pt-br\/publicacoes-em-destaque\/","title":{"rendered":"Publica\u00e7\u00f5es em destaque"},"content":{"rendered":"\n<p>Escrevi muito ao longo dos anos sobre uma grande variedade de t\u00f3picos. Aqui est\u00e1 uma sele\u00e7\u00e3o das postagens que eu recomendo que voc\u00ea leia.<\/p>\n","protected":false},"excerpt":{"rendered":"<p>Escrevi muito ao longo dos anos sobre uma grande variedade de t\u00f3picos. Aqui est\u00e1 uma sele\u00e7\u00e3o das postagens que eu recomendo que voc\u00ea leia.<\/p>\n","protected":false},"author":7,"featured_media":41712,"parent":0,"menu_order":0,"comment_status":"closed","ping_status":"closed","template":"page-featured-post.php","meta":{"_acf_changed":false,"inline_featured_image":false,"footnotes":""},"class_list":["post-41708","page","type-page","status-publish","has-post-thumbnail","hentry"],"acf":[],"_links":{"self":[{"href":"https:\/\/grinda.org\/pt-br\/wp-json\/wp\/v2\/pages\/41708","targetHints":{"allow":["GET"]}}],"collection":[{"href":"https:\/\/grinda.org\/pt-br\/wp-json\/wp\/v2\/pages"}],"about":[{"href":"https:\/\/grinda.org\/pt-br\/wp-json\/wp\/v2\/types\/page"}],"author":[{"embeddable":true,"href":"https:\/\/grinda.org\/pt-br\/wp-json\/wp\/v2\/users\/7"}],"replies":[{"embeddable":true,"href":"https:\/\/grinda.org\/pt-br\/wp-json\/wp\/v2\/comments?post=41708"}],"version-history":[{"count":3,"href":"https:\/\/grinda.org\/pt-br\/wp-json\/wp\/v2\/pages\/41708\/revisions"}],"predecessor-version":[{"id":41715,"href":"https:\/\/grinda.org\/pt-br\/wp-json\/wp\/v2\/pages\/41708\/revisions\/41715"}],"wp:featuredmedia":[{"embeddable":true,"href":"https:\/\/grinda.org\/pt-br\/wp-json\/wp\/v2\/media\/41712"}],"wp:attachment":[{"href":"https:\/\/grinda.org\/pt-br\/wp-json\/wp\/v2\/media?parent=41708"}],"curies":[{"name":"wp","href":"https:\/\/api.w.org\/{rel}","templated":true}]}}