{"id":39336,"date":"2020-09-18T08:17:20","date_gmt":"2020-09-18T08:17:20","guid":{"rendered":"https:\/\/prod.fabricegrinda.com\/polecane-posty\/"},"modified":"2024-05-23T07:36:22","modified_gmt":"2024-05-23T07:36:22","slug":"polecane-posty","status":"publish","type":"page","link":"https:\/\/grinda.org\/pl\/polecane-posty\/","title":{"rendered":"Polecane posty"},"content":{"rendered":"\n<p>Przez lata napisa\u0142em wiele na r\u00f3\u017cne tematy. Oto wyb\u00f3r post\u00f3w, kt\u00f3re polecam przeczyta\u0107.<\/p>\n","protected":false},"excerpt":{"rendered":"<p>Przez lata napisa\u0142em wiele na r\u00f3\u017cne tematy. Oto wyb\u00f3r post\u00f3w, kt\u00f3re polecam przeczyta\u0107.<\/p>\n","protected":false},"author":7,"featured_media":39340,"parent":0,"menu_order":0,"comment_status":"closed","ping_status":"closed","template":"page-featured-post.php","meta":{"_acf_changed":false,"inline_featured_image":false,"footnotes":""},"class_list":["post-39336","page","type-page","status-publish","has-post-thumbnail","hentry"],"acf":[],"_links":{"self":[{"href":"https:\/\/grinda.org\/pl\/wp-json\/wp\/v2\/pages\/39336","targetHints":{"allow":["GET"]}}],"collection":[{"href":"https:\/\/grinda.org\/pl\/wp-json\/wp\/v2\/pages"}],"about":[{"href":"https:\/\/grinda.org\/pl\/wp-json\/wp\/v2\/types\/page"}],"author":[{"embeddable":true,"href":"https:\/\/grinda.org\/pl\/wp-json\/wp\/v2\/users\/7"}],"replies":[{"embeddable":true,"href":"https:\/\/grinda.org\/pl\/wp-json\/wp\/v2\/comments?post=39336"}],"version-history":[{"count":1,"href":"https:\/\/grinda.org\/pl\/wp-json\/wp\/v2\/pages\/39336\/revisions"}],"predecessor-version":[{"id":39341,"href":"https:\/\/grinda.org\/pl\/wp-json\/wp\/v2\/pages\/39336\/revisions\/39341"}],"wp:featuredmedia":[{"embeddable":true,"href":"https:\/\/grinda.org\/pl\/wp-json\/wp\/v2\/media\/39340"}],"wp:attachment":[{"href":"https:\/\/grinda.org\/pl\/wp-json\/wp\/v2\/media?parent=39336"}],"curies":[{"name":"wp","href":"https:\/\/api.w.org\/{rel}","templated":true}]}}