{"id":29452,"date":"2020-09-18T08:17:20","date_gmt":"2020-09-18T08:17:20","guid":{"rendered":"https:\/\/prod-new.fabricegrinda.com\/articles-en-vedette\/"},"modified":"2024-05-08T09:54:53","modified_gmt":"2024-05-08T09:54:53","slug":"articles-en-vedette","status":"publish","type":"page","link":"https:\/\/grinda.org\/fr\/articles-en-vedette\/","title":{"rendered":"Articles en vedette"},"content":{"rendered":"\n<p>J&rsquo;ai beaucoup \u00e9crit au fil des ans sur un large \u00e9ventail de sujets. Voici une s\u00e9lection des billets que je vous recommande de lire.<\/p>\n","protected":false},"excerpt":{"rendered":"<p>J&rsquo;ai beaucoup \u00e9crit au fil des ans sur un large \u00e9ventail de sujets. Voici une s\u00e9lection des billets que je vous recommande de lire.<\/p>\n","protected":false},"author":7,"featured_media":25933,"parent":0,"menu_order":0,"comment_status":"closed","ping_status":"closed","template":"page-featured-post.php","meta":{"_acf_changed":false,"inline_featured_image":false,"footnotes":""},"class_list":["post-29452","page","type-page","status-publish","has-post-thumbnail","hentry"],"acf":[],"_links":{"self":[{"href":"https:\/\/grinda.org\/fr\/wp-json\/wp\/v2\/pages\/29452","targetHints":{"allow":["GET"]}}],"collection":[{"href":"https:\/\/grinda.org\/fr\/wp-json\/wp\/v2\/pages"}],"about":[{"href":"https:\/\/grinda.org\/fr\/wp-json\/wp\/v2\/types\/page"}],"author":[{"embeddable":true,"href":"https:\/\/grinda.org\/fr\/wp-json\/wp\/v2\/users\/7"}],"replies":[{"embeddable":true,"href":"https:\/\/grinda.org\/fr\/wp-json\/wp\/v2\/comments?post=29452"}],"version-history":[{"count":2,"href":"https:\/\/grinda.org\/fr\/wp-json\/wp\/v2\/pages\/29452\/revisions"}],"predecessor-version":[{"id":29455,"href":"https:\/\/grinda.org\/fr\/wp-json\/wp\/v2\/pages\/29452\/revisions\/29455"}],"wp:featuredmedia":[{"embeddable":true,"href":"https:\/\/grinda.org\/fr\/wp-json\/wp\/v2\/media\/25933"}],"wp:attachment":[{"href":"https:\/\/grinda.org\/fr\/wp-json\/wp\/v2\/media?parent=29452"}],"curies":[{"name":"wp","href":"https:\/\/api.w.org\/{rel}","templated":true}]}}