{"id":36485,"date":"2020-09-18T08:17:20","date_gmt":"2020-09-18T08:17:20","guid":{"rendered":"https:\/\/prod.fabricegrinda.com\/udvalgte-indlaeg\/"},"modified":"2024-05-22T13:34:49","modified_gmt":"2024-05-22T13:34:49","slug":"udvalgte-indlaeg","status":"publish","type":"page","link":"https:\/\/grinda.org\/da\/udvalgte-indlaeg\/","title":{"rendered":"Udvalgte indl\u00e6g"},"content":{"rendered":"\n<p>Jeg har skrevet meget i \u00e5renes l\u00f8b om en lang r\u00e6kke emner. Her er et udvalg af de indl\u00e6g, som jeg anbefaler at l\u00e6se.<\/p>\n","protected":false},"excerpt":{"rendered":"<p>Jeg har skrevet meget i \u00e5renes l\u00f8b om en lang r\u00e6kke emner. Her er et udvalg af de indl\u00e6g, som jeg anbefaler at l\u00e6se.<\/p>\n","protected":false},"author":7,"featured_media":36489,"parent":0,"menu_order":0,"comment_status":"closed","ping_status":"closed","template":"page-featured-post.php","meta":{"_acf_changed":false,"inline_featured_image":false,"footnotes":""},"class_list":["post-36485","page","type-page","status-publish","has-post-thumbnail","hentry"],"acf":[],"_links":{"self":[{"href":"https:\/\/grinda.org\/da\/wp-json\/wp\/v2\/pages\/36485","targetHints":{"allow":["GET"]}}],"collection":[{"href":"https:\/\/grinda.org\/da\/wp-json\/wp\/v2\/pages"}],"about":[{"href":"https:\/\/grinda.org\/da\/wp-json\/wp\/v2\/types\/page"}],"author":[{"embeddable":true,"href":"https:\/\/grinda.org\/da\/wp-json\/wp\/v2\/users\/7"}],"replies":[{"embeddable":true,"href":"https:\/\/grinda.org\/da\/wp-json\/wp\/v2\/comments?post=36485"}],"version-history":[{"count":3,"href":"https:\/\/grinda.org\/da\/wp-json\/wp\/v2\/pages\/36485\/revisions"}],"predecessor-version":[{"id":36492,"href":"https:\/\/grinda.org\/da\/wp-json\/wp\/v2\/pages\/36485\/revisions\/36492"}],"wp:featuredmedia":[{"embeddable":true,"href":"https:\/\/grinda.org\/da\/wp-json\/wp\/v2\/media\/36489"}],"wp:attachment":[{"href":"https:\/\/grinda.org\/da\/wp-json\/wp\/v2\/media?parent=36485"}],"curies":[{"name":"wp","href":"https:\/\/api.w.org\/{rel}","templated":true}]}}